{"id":337,"date":"2025-11-26T11:54:12","date_gmt":"2025-11-26T11:54:12","guid":{"rendered":"https:\/\/mktgbycatherine.com\/dr-paula-bona\/"},"modified":"2026-01-16T07:02:26","modified_gmt":"2026-01-16T07:02:26","slug":"dr-paula-bona","status":"publish","type":"page","link":"https:\/\/mktgbycatherine.com\/en\/dr-paula-bona\/","title":{"rendered":"Dr. Paula Bona"},"content":{"rendered":"<div class=\"wp-block-group alignwide has-medium-font-size has-global-padding is-layout-constrained wp-block-group-is-layout-constrained\" style=\"margin-top:0;margin-bottom:0;padding-top:var(--wp--preset--spacing--50);padding-bottom:var(--wp--preset--spacing--50)\">\n<div class=\"wp-block-columns alignwide is-layout-flex wp-container-core-columns-is-layout-47c06fe3 wp-block-columns-is-layout-flex\">\n<div class=\"wp-block-column is-layout-flow wp-block-column-is-layout-flow\" style=\"flex-basis:56%\">\n<p class=\"has-accent-4-color has-text-color has-link-color has-large-font-size wp-elements-7d6fb144541fe99bbfcab50cb0c8fc0f\" style=\"font-style:normal;font-weight:700\">Contexto de la organizaci\u00f3n<\/p>\n\n\n\n<p class=\"has-medium-font-size\">La Dr. Paula Bona es una profesional del sector belleza que buscaba fortalecer su marca personal, estructurar su presencia digital y desarrollar una propuesta estrat\u00e9gica de colaboraci\u00f3n con un sal\u00f3n de belleza. El objetivo era construir una identidad clara, profesional y coherente, que permitiera comunicar su valor, expandir su visibilidad y abrir oportunidades de crecimiento a trav\u00e9s de alianzas estrat\u00e9gicas.<\/p>\n\n\n\n<div style=\"height:24px\" aria-hidden=\"true\" class=\"wp-block-spacer\"><\/div>\n\n\n\n<p class=\"has-accent-4-color has-text-color has-link-color has-large-font-size wp-elements-a73e2891f5cae1ff03430e0e4990d6eb\" style=\"font-style:normal;font-weight:800\">Mi rol<\/p>\n\n\n\n<p>Desarroll\u00e9 una\u00a0<strong>estrategia integral de marketing y marca<\/strong>, acompa\u00f1ando a la cliente desde la definici\u00f3n de su posicionamiento hasta la creaci\u00f3n de herramientas pr\u00e1cticas para su comunicaci\u00f3n diaria. El proyecto incluy\u00f3 estrategia, branding, planificaci\u00f3n de contenidos y la elaboraci\u00f3n de una propuesta formal de colaboraci\u00f3n, adem\u00e1s de un acompa\u00f1amiento continuo en la gesti\u00f3n de su marca.<\/p>\n<\/div>\n\n\n\n<div class=\"wp-block-column is-vertically-aligned-center is-layout-flow wp-container-core-column-is-layout-119bc444 wp-block-column-is-layout-flow\">\n<figure class=\"wp-block-image size-full\"><img loading=\"lazy\" decoding=\"async\" width=\"377\" height=\"330\" src=\"https:\/\/mktgbycatherine.com\/wp-content\/uploads\/2026\/01\/Screenshot-2026-01-16-at-03.00.21.png\" alt=\"\" class=\"wp-image-491\" srcset=\"https:\/\/mktgbycatherine.com\/wp-content\/uploads\/2026\/01\/Screenshot-2026-01-16-at-03.00.21.png 377w, https:\/\/mktgbycatherine.com\/wp-content\/uploads\/2026\/01\/Screenshot-2026-01-16-at-03.00.21-300x263.png 300w, https:\/\/mktgbycatherine.com\/wp-content\/uploads\/2026\/01\/Screenshot-2026-01-16-at-03.00.21-14x12.png 14w\" sizes=\"auto, (max-width: 377px) 100vw, 377px\" \/><\/figure>\n<\/div>\n<\/div>\n<\/div>\n\n\n\n<hr class=\"wp-block-separator has-alpha-channel-opacity is-style-wide is-style-wide--1\"\/>\n\n\n\n<div class=\"wp-block-group alignwide has-base-background-color has-background has-global-padding is-layout-constrained wp-block-group-is-layout-constrained\" style=\"margin-top:0;margin-bottom:0;padding-top:var(--wp--preset--spacing--50);padding-bottom:var(--wp--preset--spacing--50)\">\n<div class=\"wp-block-group alignwide is-layout-grid wp-container-core-group-is-layout-840b37f5 wp-block-group-is-layout-grid\">\n<div class=\"wp-block-group has-x-large-font-size wp-container-content-fae4d868 is-vertical is-layout-flex wp-container-core-group-is-layout-d6b9ab57 wp-block-group-is-layout-flex\">\n<h3 class=\"wp-block-heading has-accent-4-color has-text-color has-link-color has-large-font-size wp-elements-677bc37db99a49e2636e8c1a2fbc99f8\" style=\"font-style:normal;font-weight:700\">Entendimiento del problema<\/h3>\n\n\n\n<p class=\"has-medium-font-size\">Al inicio del proyecto, identifiqu\u00e9 que la marca no contaba con una&nbsp;<strong>estructura clara de identidad ni una estrategia definida de comunicaci\u00f3n<\/strong>. Si bien exist\u00eda el conocimiento profesional y el servicio, estos no estaban siendo comunicados de forma consistente ni estrat\u00e9gica en redes sociales.<\/p>\n\n\n\n<p class=\"has-medium-font-size\">Asimismo, para presentar una colaboraci\u00f3n con un sal\u00f3n de belleza, era necesario traducir el valor de la marca en una propuesta clara, profesional y alineada con objetivos comerciales, que facilitara la toma de decisiones del potencial aliado.<\/p>\n\n\n\n<div style=\"height:33px\" aria-hidden=\"true\" class=\"wp-block-spacer wp-container-content-67de619e\"><\/div>\n\n\n\n<h3 class=\"wp-block-heading has-accent-4-color has-text-color has-link-color has-large-font-size wp-elements-4cde1f44c2f0b01758a8ddc157c5da3a\" style=\"font-style:normal;font-weight:700\">Enfoque estrat\u00e9gico<\/h3>\n\n\n\n<p class=\"has-medium-font-size\">El enfoque se bas\u00f3 en construir la marca desde la ra\u00edz, asegurando coherencia entre identidad, mensaje y ejecuci\u00f3n.<\/p>\n\n\n\n<p class=\"has-medium-font-size\">Las principales acciones incluyeron:<\/p>\n\n\n\n<ul class=\"wp-block-list\">\n<li class=\"has-medium-font-size\"><strong>Definici\u00f3n del posicionamiento de marca<\/strong>, a partir de un proceso guiado de preguntas y an\u00e1lisis (brandbook), para identificar personalidad, tono de comunicaci\u00f3n, valores y estilo visual.<\/li>\n\n\n\n<li class=\"has-medium-font-size\">Desarrollo de una\u00a0<strong>estrategia de marketing<\/strong>\u00a0alineada con los objetivos comerciales y de crecimiento, estructurada en un plan claro y accionable.<\/li>\n\n\n\n<li class=\"has-medium-font-size\">Creaci\u00f3n de una\u00a0<strong>estrategia y calendario de redes sociales<\/strong>, definiendo pilares de contenido, tipos de publicaciones, frecuencia y lineamientos de mensaje.<\/li>\n\n\n\n<li class=\"has-medium-font-size\">Dise\u00f1o de\u00a0<strong>plantillas de branding editables en Canva<\/strong>\u00a0para historias y publicaciones de Instagram, asegurando coherencia visual a trav\u00e9s de tipograf\u00eda, paleta de colores y estilo gr\u00e1fico.<\/li>\n\n\n\n<li class=\"has-medium-font-size\">Elaboraci\u00f3n de piezas clave como\u00a0<strong>posts estrat\u00e9gicos y carta de precios<\/strong>, alineadas con el posicionamiento definido.<\/li>\n\n\n\n<li class=\"has-medium-font-size\">Desarrollo de una\u00a0<strong>propuesta formal de colaboraci\u00f3n<\/strong>\u00a0para presentar a un sal\u00f3n de belleza, incluyendo resumen ejecutivo, objetivos, beneficios mutuos y descripci\u00f3n clara de los servicios.<\/li>\n\n\n\n<li class=\"has-medium-font-size\">Organizaci\u00f3n y optimizaci\u00f3n de la presencia en redes sociales para facilitar una gesti\u00f3n m\u00e1s estructurada y profesional.<\/li>\n<\/ul>\n<\/div>\n<\/div>\n<\/div>\n\n\n\n<h2 class=\"wp-block-heading has-text-align-center has-x-large-font-size\" style=\"font-style:normal;font-weight:800\">Ejemplos de Trabajo<\/h2>\n\n\n\n<hr class=\"wp-block-separator has-alpha-channel-opacity is-style-wide is-style-wide--2\"\/>\n\n\n\n<div class=\"wp-block-group has-global-padding is-layout-constrained wp-block-group-is-layout-constrained\" style=\"margin-top:0;margin-bottom:0;padding-top:var(--wp--preset--spacing--50);padding-bottom:var(--wp--preset--spacing--50)\">\n<figure class=\"wp-block-image size-full\"><img loading=\"lazy\" decoding=\"async\" width=\"633\" height=\"792\" src=\"https:\/\/mktgbycatherine.com\/wp-content\/uploads\/2025\/11\/Screenshot-2025-11-26-at-09.41.34.png\" alt=\"\" class=\"wp-image-372\" srcset=\"https:\/\/mktgbycatherine.com\/wp-content\/uploads\/2025\/11\/Screenshot-2025-11-26-at-09.41.34.png 633w, https:\/\/mktgbycatherine.com\/wp-content\/uploads\/2025\/11\/Screenshot-2025-11-26-at-09.41.34-240x300.png 240w\" sizes=\"auto, (max-width: 633px) 100vw, 633px\" \/><figcaption class=\"wp-element-caption\">Simulaci\u00f3n de coordinaci\u00f3n de feed <\/figcaption><\/figure>\n\n\n\n<figure class=\"wp-block-image size-large\"><img loading=\"lazy\" decoding=\"async\" width=\"1024\" height=\"968\" src=\"https:\/\/mktgbycatherine.com\/wp-content\/uploads\/2025\/11\/1-1024x968.png\" alt=\"\" class=\"wp-image-303\" srcset=\"https:\/\/mktgbycatherine.com\/wp-content\/uploads\/2025\/11\/1-1024x968.png 1024w, https:\/\/mktgbycatherine.com\/wp-content\/uploads\/2025\/11\/1-300x284.png 300w, https:\/\/mktgbycatherine.com\/wp-content\/uploads\/2025\/11\/1-768x726.png 768w, https:\/\/mktgbycatherine.com\/wp-content\/uploads\/2025\/11\/1.png 1062w\" sizes=\"auto, (max-width: 1024px) 100vw, 1024px\" \/><figcaption class=\"wp-element-caption\">Post educativo en Instagram<\/figcaption><\/figure>\n\n\n\n<figure class=\"wp-block-image size-large\"><img loading=\"lazy\" decoding=\"async\" width=\"1024\" height=\"559\" src=\"https:\/\/mktgbycatherine.com\/wp-content\/uploads\/2025\/11\/Screenshot-2025-11-26-at-09.39.25-1024x559.png\" alt=\"\" class=\"wp-image-371\" srcset=\"https:\/\/mktgbycatherine.com\/wp-content\/uploads\/2025\/11\/Screenshot-2025-11-26-at-09.39.25-1024x559.png 1024w, https:\/\/mktgbycatherine.com\/wp-content\/uploads\/2025\/11\/Screenshot-2025-11-26-at-09.39.25-300x164.png 300w, https:\/\/mktgbycatherine.com\/wp-content\/uploads\/2025\/11\/Screenshot-2025-11-26-at-09.39.25-768x419.png 768w, https:\/\/mktgbycatherine.com\/wp-content\/uploads\/2025\/11\/Screenshot-2025-11-26-at-09.39.25.png 1342w\" sizes=\"auto, (max-width: 1024px) 100vw, 1024px\" \/><figcaption class=\"wp-element-caption\">Planificaci\u00f3n de contenidos <\/figcaption><\/figure>\n<\/div>\n\n\n\n<div style=\"height:20px\" aria-hidden=\"true\" class=\"wp-block-spacer\"><\/div>\n\n\n\n<div class=\"wp-block-group alignwide has-base-background-color has-background has-global-padding is-layout-constrained wp-block-group-is-layout-constrained\" style=\"margin-top:0;margin-bottom:0;padding-top:var(--wp--preset--spacing--50);padding-bottom:var(--wp--preset--spacing--50)\">\n<div class=\"wp-block-group alignwide is-layout-grid wp-container-core-group-is-layout-840b37f5 wp-block-group-is-layout-grid\">\n<div class=\"wp-block-group has-x-large-font-size wp-container-content-fae4d868 is-vertical is-layout-flex wp-container-core-group-is-layout-d6b9ab57 wp-block-group-is-layout-flex\">\n<h3 class=\"wp-block-heading has-accent-4-color has-text-color has-link-color has-large-font-size wp-elements-416a3c5b8d2d00be9e480920f08de85e\" style=\"font-style:normal;font-weight:700\">Resultados<\/h3>\n\n\n\n<ul class=\"wp-block-list\">\n<li class=\"has-medium-font-size\">Marca personal con\u00a0<strong>identidad clara, coherente y profesional<\/strong>, lista para escalar y colaborar con terceros.<\/li>\n\n\n\n<li class=\"has-medium-font-size\">Comunicaci\u00f3n digital estructurada, con lineamientos claros que facilitan la creaci\u00f3n de contenido y la consistencia en redes sociales.<\/li>\n\n\n\n<li class=\"has-medium-font-size\">Herramientas pr\u00e1cticas (plantillas, calendario, gu\u00edas) que permiten una ejecuci\u00f3n eficiente y sostenible en el tiempo.<\/li>\n\n\n\n<li class=\"has-medium-font-size\">Proyecto de\u00a0<strong>colaboraci\u00f3n continua<\/strong>, con acompa\u00f1amiento ongoing en la gesti\u00f3n y evoluci\u00f3n de la marca.<\/li>\n<\/ul>\n<\/div>\n<\/div>\n<\/div>","protected":false},"excerpt":{"rendered":"<p>Contexto de la organizaci\u00f3n La Dr. Paula Bona es una profesional del sector belleza que buscaba fortalecer su marca personal, estructurar su presencia digital y desarrollar una propuesta estrat\u00e9gica de colaboraci\u00f3n con un sal\u00f3n de belleza. El objetivo era construir una identidad clara, profesional y coherente, que permitiera comunicar su valor, expandir su visibilidad y [&hellip;]<\/p>","protected":false},"author":1,"featured_media":0,"parent":0,"menu_order":0,"comment_status":"closed","ping_status":"closed","template":"","meta":{"footnotes":""},"class_list":["post-337","page","type-page","status-publish","hentry"],"_hostinger_reach_plugin_has_subscription_block":false,"_hostinger_reach_plugin_is_elementor":false,"_links":{"self":[{"href":"https:\/\/mktgbycatherine.com\/en\/wp-json\/wp\/v2\/pages\/337","targetHints":{"allow":["GET"]}}],"collection":[{"href":"https:\/\/mktgbycatherine.com\/en\/wp-json\/wp\/v2\/pages"}],"about":[{"href":"https:\/\/mktgbycatherine.com\/en\/wp-json\/wp\/v2\/types\/page"}],"author":[{"embeddable":true,"href":"https:\/\/mktgbycatherine.com\/en\/wp-json\/wp\/v2\/users\/1"}],"replies":[{"embeddable":true,"href":"https:\/\/mktgbycatherine.com\/en\/wp-json\/wp\/v2\/comments?post=337"}],"version-history":[{"count":10,"href":"https:\/\/mktgbycatherine.com\/en\/wp-json\/wp\/v2\/pages\/337\/revisions"}],"predecessor-version":[{"id":492,"href":"https:\/\/mktgbycatherine.com\/en\/wp-json\/wp\/v2\/pages\/337\/revisions\/492"}],"wp:attachment":[{"href":"https:\/\/mktgbycatherine.com\/en\/wp-json\/wp\/v2\/media?parent=337"}],"curies":[{"name":"wp","href":"https:\/\/api.w.org\/{rel}","templated":true}]}}