{"id":338,"date":"2025-11-26T11:54:25","date_gmt":"2025-11-26T11:54:25","guid":{"rendered":"https:\/\/mktgbycatherine.com\/blue-beauty-space\/"},"modified":"2026-01-16T05:28:18","modified_gmt":"2026-01-16T05:28:18","slug":"blue-beauty-space","status":"publish","type":"page","link":"https:\/\/mktgbycatherine.com\/en\/blue-beauty-space\/","title":{"rendered":"Blue Beauty Space"},"content":{"rendered":"<div class=\"wp-block-group alignwide has-medium-font-size has-global-padding is-layout-constrained wp-block-group-is-layout-constrained\" style=\"margin-top:0;margin-bottom:0;padding-top:var(--wp--preset--spacing--50);padding-bottom:var(--wp--preset--spacing--50)\">\n<div class=\"wp-block-columns alignwide is-layout-flex wp-container-core-columns-is-layout-47c06fe3 wp-block-columns-is-layout-flex\">\n<div class=\"wp-block-column is-layout-flow wp-block-column-is-layout-flow\" style=\"flex-basis:56%\">\n<p class=\"has-accent-4-color has-text-color has-link-color has-large-font-size wp-elements-7d6fb144541fe99bbfcab50cb0c8fc0f\" style=\"font-style:normal;font-weight:700\">Contexto de la organizaci\u00f3n<\/p>\n\n\n\n<p class=\"has-medium-font-size\"><a href=\"https:\/\/bluesalon.do\">Blue  Beauty Space<\/a> es un sal\u00f3n de belleza que ofrece servicios profesionales y venta de productos a trav\u00e9s de su sitio web. Adem\u00e1s de la atenci\u00f3n al cliente, el negocio gestiona inventario, comunicaci\u00f3n digital y ventas de productos, lo que requiere procesos claros y eficientes para sostener el crecimiento.<\/p>\n\n\n\n<div style=\"height:24px\" aria-hidden=\"true\" class=\"wp-block-spacer\"><\/div>\n\n\n\n<p class=\"has-accent-4-color has-text-color has-link-color has-large-font-size wp-elements-a73e2891f5cae1ff03430e0e4990d6eb\" style=\"font-style:normal;font-weight:800\">Mi rol<\/p>\n\n\n\n<p>Colabor\u00e9 en&nbsp;<strong>Digital Marketing<\/strong>, apoyando tanto la comunicaci\u00f3n digital como la optimizaci\u00f3n de procesos relacionados con el e-commerce y la gesti\u00f3n de inventario. Mi trabajo incluy\u00f3 mantenimiento y optimizaci\u00f3n del sitio web, estructuraci\u00f3n del cat\u00e1logo de productos, email marketing y propuestas de mejora operativa orientadas a eficiencia y control.<\/p>\n<\/div>\n\n\n\n<div class=\"wp-block-column is-vertically-aligned-center is-layout-flow wp-container-core-column-is-layout-119bc444 wp-block-column-is-layout-flow\">\n<figure class=\"wp-block-image size-large\"><img loading=\"lazy\" decoding=\"async\" width=\"1024\" height=\"545\" src=\"https:\/\/mktgbycatherine.com\/wp-content\/uploads\/2026\/01\/Blue_salon_Banner_f90ae62d-8957-4679-af99-8588f77d4fd0.jpg-1024x545.webp\" alt=\"\" class=\"wp-image-482\" srcset=\"https:\/\/mktgbycatherine.com\/wp-content\/uploads\/2026\/01\/Blue_salon_Banner_f90ae62d-8957-4679-af99-8588f77d4fd0.jpg-1024x545.webp 1024w, https:\/\/mktgbycatherine.com\/wp-content\/uploads\/2026\/01\/Blue_salon_Banner_f90ae62d-8957-4679-af99-8588f77d4fd0.jpg-300x160.webp 300w, https:\/\/mktgbycatherine.com\/wp-content\/uploads\/2026\/01\/Blue_salon_Banner_f90ae62d-8957-4679-af99-8588f77d4fd0.jpg-768x409.webp 768w, https:\/\/mktgbycatherine.com\/wp-content\/uploads\/2026\/01\/Blue_salon_Banner_f90ae62d-8957-4679-af99-8588f77d4fd0.jpg-1536x818.webp 1536w, https:\/\/mktgbycatherine.com\/wp-content\/uploads\/2026\/01\/Blue_salon_Banner_f90ae62d-8957-4679-af99-8588f77d4fd0.jpg-2048x1090.webp 2048w, https:\/\/mktgbycatherine.com\/wp-content\/uploads\/2026\/01\/Blue_salon_Banner_f90ae62d-8957-4679-af99-8588f77d4fd0.jpg-18x10.webp 18w\" sizes=\"auto, (max-width: 1024px) 100vw, 1024px\" \/><\/figure>\n<\/div>\n<\/div>\n<\/div>\n\n\n\n<hr class=\"wp-block-separator has-alpha-channel-opacity is-style-wide is-style-wide--1\"\/>\n\n\n\n<div class=\"wp-block-group alignwide has-base-background-color has-background has-global-padding is-layout-constrained wp-block-group-is-layout-constrained\" style=\"margin-top:0;margin-bottom:0;padding-top:var(--wp--preset--spacing--50);padding-bottom:var(--wp--preset--spacing--50)\">\n<div class=\"wp-block-group alignwide is-layout-grid wp-container-core-group-is-layout-840b37f5 wp-block-group-is-layout-grid\">\n<div class=\"wp-block-group has-x-large-font-size wp-container-content-fae4d868 is-vertical is-layout-flex wp-container-core-group-is-layout-d6b9ab57 wp-block-group-is-layout-flex\">\n<h3 class=\"wp-block-heading has-accent-4-color has-text-color has-link-color has-large-font-size wp-elements-677bc37db99a49e2636e8c1a2fbc99f8\" style=\"font-style:normal;font-weight:700\">Entendimiento del problema<\/h3>\n\n\n\n<p class=\"has-medium-font-size\">Durante el an\u00e1lisis inicial, identifiqu\u00e9 dos desaf\u00edos principales:<\/p>\n\n\n\n<ol class=\"wp-block-list\">\n<li class=\"has-medium-font-size\"><strong>Gesti\u00f3n manual del inventario<\/strong>, que requer\u00eda conteos f\u00edsicos peri\u00f3dicos, consumiendo tiempo operativo y aumentando el riesgo de errores.<\/li>\n\n\n\n<li class=\"has-medium-font-size\">Un&nbsp;<strong>e-commerce funcional pero poco optimizado<\/strong>, con oportunidades de mejora en la organizaci\u00f3n del cat\u00e1logo, el seguimiento de productos y la comunicaci\u00f3n con clientes.<\/li>\n<\/ol>\n\n\n\n<p class=\"has-medium-font-size\">Estos factores limitaban la visibilidad del rendimiento de los productos, dificultaban la toma de decisiones basada en datos y a\u00f1ad\u00edan carga operativa innecesaria al equipo.<\/p>\n\n\n\n<div style=\"height:33px\" aria-hidden=\"true\" class=\"wp-block-spacer wp-container-content-67de619e\"><\/div>\n\n\n\n<h3 class=\"wp-block-heading has-accent-4-color has-text-color has-link-color has-large-font-size wp-elements-4cde1f44c2f0b01758a8ddc157c5da3a\" style=\"font-style:normal;font-weight:700\">Enfoque estrat\u00e9gico<\/h3>\n\n\n\n<p class=\"has-medium-font-size\">Mi estrategia se centr\u00f3 en&nbsp;<strong>simplificar procesos, mejorar la trazabilidad de productos y fortalecer la comunicaci\u00f3n digital<\/strong>, con el objetivo de apoyar la eficiencia del negocio.<\/p>\n\n\n\n<p class=\"has-medium-font-size\">Las acciones implementadas incluyeron:<\/p>\n\n\n\n<ul class=\"wp-block-list\">\n<li class=\"has-medium-font-size\">Optimizaci\u00f3n del sitio web y del e-commerce para mejorar la estructura, usabilidad y mantenimiento del cat\u00e1logo.<\/li>\n\n\n\n<li class=\"has-medium-font-size\">Reorganizaci\u00f3n de productos y&nbsp;<strong>estandarizaci\u00f3n de SKUs<\/strong>, facilitando el seguimiento, an\u00e1lisis de ventas y control interno.<\/li>\n\n\n\n<li class=\"has-medium-font-size\">Propuesta de vinculaci\u00f3n de SKUs con&nbsp;<strong>c\u00f3digos de barras<\/strong>, permitiendo automatizar el control de inventario y reducir la necesidad de conteos manuales.<\/li>\n\n\n\n<li class=\"has-medium-font-size\">Dise\u00f1o de&nbsp;<strong>plantillas de email marketing<\/strong>&nbsp;para campa\u00f1as promocionales y comunicaci\u00f3n con clientes, alineadas con la identidad de la marca.<\/li>\n\n\n\n<li class=\"has-medium-font-size\">Apoyo en la definici\u00f3n de flujos de comunicaci\u00f3n digital orientados a fidelizaci\u00f3n y ventas recurrentes.<\/li>\n<\/ul>\n<\/div>\n<\/div>\n<\/div>\n\n\n\n<h2 class=\"wp-block-heading has-text-align-center has-x-large-font-size\" style=\"font-style:normal;font-weight:800\">Ejemplos de Trabajo<\/h2>\n\n\n\n<hr class=\"wp-block-separator has-alpha-channel-opacity is-style-wide is-style-wide--2\"\/>\n\n\n\n<div class=\"wp-block-group has-global-padding is-layout-constrained wp-block-group-is-layout-constrained\" style=\"margin-top:0;margin-bottom:0;padding-top:var(--wp--preset--spacing--50);padding-bottom:var(--wp--preset--spacing--50)\">\n<figure class=\"wp-block-image size-large\"><img loading=\"lazy\" decoding=\"async\" width=\"1024\" height=\"575\" src=\"https:\/\/mktgbycatherine.com\/wp-content\/uploads\/2025\/11\/Screenshot-2025-11-25-at-19.46.03-1024x575.png\" alt=\"\" class=\"wp-image-353\" srcset=\"https:\/\/mktgbycatherine.com\/wp-content\/uploads\/2025\/11\/Screenshot-2025-11-25-at-19.46.03-1024x575.png 1024w, https:\/\/mktgbycatherine.com\/wp-content\/uploads\/2025\/11\/Screenshot-2025-11-25-at-19.46.03-300x168.png 300w, https:\/\/mktgbycatherine.com\/wp-content\/uploads\/2025\/11\/Screenshot-2025-11-25-at-19.46.03-768x431.png 768w, https:\/\/mktgbycatherine.com\/wp-content\/uploads\/2025\/11\/Screenshot-2025-11-25-at-19.46.03-1536x862.png 1536w, https:\/\/mktgbycatherine.com\/wp-content\/uploads\/2025\/11\/Screenshot-2025-11-25-at-19.46.03-2048x1150.png 2048w\" sizes=\"auto, (max-width: 1024px) 100vw, 1024px\" \/><figcaption class=\"wp-element-caption\">Producto en Pagina Web<\/figcaption><\/figure>\n\n\n\n<div style=\"height:31px\" aria-hidden=\"true\" class=\"wp-block-spacer\"><\/div>\n\n\n\n<figure class=\"wp-block-gallery has-nested-images columns-default is-cropped wp-block-gallery-3 is-layout-flex wp-block-gallery-is-layout-flex\">\n<figure class=\"wp-block-image size-full\"><img loading=\"lazy\" decoding=\"async\" width=\"527\" height=\"647\" data-id=\"304\" src=\"https:\/\/mktgbycatherine.com\/wp-content\/uploads\/2025\/11\/Screenshot-2025-11-25-at-19.48.26-copy.png\" alt=\"\" class=\"wp-image-304\" srcset=\"https:\/\/mktgbycatherine.com\/wp-content\/uploads\/2025\/11\/Screenshot-2025-11-25-at-19.48.26-copy.png 527w, https:\/\/mktgbycatherine.com\/wp-content\/uploads\/2025\/11\/Screenshot-2025-11-25-at-19.48.26-copy-244x300.png 244w\" sizes=\"auto, (max-width: 527px) 100vw, 527px\" \/><figcaption class=\"wp-element-caption\"><sup data-fn=\"dc9ca1cf-fb69-4a1b-aa21-60fabc52b9d5\" class=\"fn\"><a href=\"#dc9ca1cf-fb69-4a1b-aa21-60fabc52b9d5\" id=\"dc9ca1cf-fb69-4a1b-aa21-60fabc52b9d5-link\">1<\/a><\/sup><\/figcaption><\/figure>\n<\/figure>\n\n\n\n<p class=\"has-small-font-size\">Plantilla de Email Marketing para promociones<\/p>\n\n\n\n<div style=\"height:31px\" aria-hidden=\"true\" class=\"wp-block-spacer\"><\/div>\n\n\n\n<figure class=\"wp-block-image size-large\"><img loading=\"lazy\" decoding=\"async\" width=\"1024\" height=\"666\" src=\"https:\/\/mktgbycatherine.com\/wp-content\/uploads\/2026\/01\/Screenshot-2026-01-16-at-01.18.40-1024x666.png\" alt=\"\" class=\"wp-image-480\" srcset=\"https:\/\/mktgbycatherine.com\/wp-content\/uploads\/2026\/01\/Screenshot-2026-01-16-at-01.18.40-1024x666.png 1024w, https:\/\/mktgbycatherine.com\/wp-content\/uploads\/2026\/01\/Screenshot-2026-01-16-at-01.18.40-300x195.png 300w, https:\/\/mktgbycatherine.com\/wp-content\/uploads\/2026\/01\/Screenshot-2026-01-16-at-01.18.40-768x499.png 768w, https:\/\/mktgbycatherine.com\/wp-content\/uploads\/2026\/01\/Screenshot-2026-01-16-at-01.18.40-1536x999.png 1536w, https:\/\/mktgbycatherine.com\/wp-content\/uploads\/2026\/01\/Screenshot-2026-01-16-at-01.18.40-2048x1332.png 2048w, https:\/\/mktgbycatherine.com\/wp-content\/uploads\/2026\/01\/Screenshot-2026-01-16-at-01.18.40-18x12.png 18w\" sizes=\"auto, (max-width: 1024px) 100vw, 1024px\" \/><figcaption class=\"wp-element-caption\">Catalogo de productos agregados en pagina web WooCommerce<\/figcaption><\/figure>\n<\/div>\n\n\n\n<div style=\"height:20px\" aria-hidden=\"true\" class=\"wp-block-spacer\"><\/div>\n\n\n\n<div class=\"wp-block-group alignwide has-base-background-color has-background has-global-padding is-layout-constrained wp-block-group-is-layout-constrained\" style=\"margin-top:0;margin-bottom:0;padding-top:var(--wp--preset--spacing--50);padding-bottom:var(--wp--preset--spacing--50)\">\n<div class=\"wp-block-group alignwide is-layout-grid wp-container-core-group-is-layout-840b37f5 wp-block-group-is-layout-grid\">\n<div class=\"wp-block-group has-x-large-font-size wp-container-content-fae4d868 is-vertical is-layout-flex wp-container-core-group-is-layout-d6b9ab57 wp-block-group-is-layout-flex\">\n<h3 class=\"wp-block-heading has-accent-4-color has-text-color has-link-color has-large-font-size wp-elements-416a3c5b8d2d00be9e480920f08de85e\" style=\"font-style:normal;font-weight:700\">Resultados<\/h3>\n\n\n\n<ul class=\"wp-block-list\">\n<li class=\"has-medium-font-size\">Mejora en la organizaci\u00f3n y control del cat\u00e1logo de productos, facilitando la gesti\u00f3n diaria del e-commerce.<\/li>\n\n\n\n<li class=\"has-medium-font-size\">Reducci\u00f3n del tiempo y esfuerzo operativo asociados al control manual de inventario mediante procesos m\u00e1s automatizados.<\/li>\n\n\n\n<li class=\"has-medium-font-size\">Mayor claridad sobre el desempe\u00f1o de los productos y apoyo a la toma de decisiones basada en datos.<\/li>\n\n\n\n<li class=\"has-medium-font-size\">Comunicaci\u00f3n digital m\u00e1s consistente y alineada con la marca a trav\u00e9s de email marketing estructurado.<\/li>\n<\/ul>\n<\/div>\n<\/div>\n<\/div>","protected":false},"excerpt":{"rendered":"<p>Contexto de la organizaci\u00f3n Blue Beauty Space es un sal\u00f3n de belleza que ofrece servicios profesionales y venta de productos a trav\u00e9s de su sitio web. Adem\u00e1s de la atenci\u00f3n al cliente, el negocio gestiona inventario, comunicaci\u00f3n digital y ventas de productos, lo que requiere procesos claros y eficientes para sostener el crecimiento. Mi rol [&hellip;]<\/p>","protected":false},"author":1,"featured_media":0,"parent":0,"menu_order":0,"comment_status":"closed","ping_status":"closed","template":"","meta":{"footnotes":"[{\"id\":\"dc9ca1cf-fb69-4a1b-aa21-60fabc52b9d5\",\"content\":\"\"}]"},"class_list":["post-338","page","type-page","status-publish","hentry"],"_hostinger_reach_plugin_has_subscription_block":false,"_hostinger_reach_plugin_is_elementor":false,"_links":{"self":[{"href":"https:\/\/mktgbycatherine.com\/en\/wp-json\/wp\/v2\/pages\/338","targetHints":{"allow":["GET"]}}],"collection":[{"href":"https:\/\/mktgbycatherine.com\/en\/wp-json\/wp\/v2\/pages"}],"about":[{"href":"https:\/\/mktgbycatherine.com\/en\/wp-json\/wp\/v2\/types\/page"}],"author":[{"embeddable":true,"href":"https:\/\/mktgbycatherine.com\/en\/wp-json\/wp\/v2\/users\/1"}],"replies":[{"embeddable":true,"href":"https:\/\/mktgbycatherine.com\/en\/wp-json\/wp\/v2\/comments?post=338"}],"version-history":[{"count":7,"href":"https:\/\/mktgbycatherine.com\/en\/wp-json\/wp\/v2\/pages\/338\/revisions"}],"predecessor-version":[{"id":484,"href":"https:\/\/mktgbycatherine.com\/en\/wp-json\/wp\/v2\/pages\/338\/revisions\/484"}],"wp:attachment":[{"href":"https:\/\/mktgbycatherine.com\/en\/wp-json\/wp\/v2\/media?parent=338"}],"curies":[{"name":"wp","href":"https:\/\/api.w.org\/{rel}","templated":true}]}}