{"id":339,"date":"2025-11-26T11:54:41","date_gmt":"2025-11-26T11:54:41","guid":{"rendered":"https:\/\/mktgbycatherine.com\/cctds\/"},"modified":"2026-01-16T05:03:35","modified_gmt":"2026-01-16T05:03:35","slug":"cctds","status":"publish","type":"page","link":"https:\/\/mktgbycatherine.com\/en\/cctds\/","title":{"rendered":"CCTDS"},"content":{"rendered":"<div class=\"wp-block-group alignwide has-medium-font-size has-global-padding is-layout-constrained wp-block-group-is-layout-constrained\" style=\"margin-top:0;margin-bottom:0;padding-top:var(--wp--preset--spacing--50);padding-bottom:var(--wp--preset--spacing--50)\">\n<div class=\"wp-block-columns alignwide is-layout-flex wp-container-core-columns-is-layout-47c06fe3 wp-block-columns-is-layout-flex\">\n<div class=\"wp-block-column is-layout-flow wp-block-column-is-layout-flow\" style=\"flex-basis:56%\">\n<p class=\"has-accent-4-color has-text-color has-link-color has-large-font-size wp-elements-7d6fb144541fe99bbfcab50cb0c8fc0f\" style=\"font-style:normal;font-weight:700\">Contexto de la organizaci\u00f3n<\/p>\n\n\n\n<p class=\"has-medium-font-size\">La <a href=\"http:\/\/camaradominicosuiza.org\">Camara de Comercio y Turismo Dominico-Suiza<\/a> es una organizaci\u00f3n no gubernamental incorporada bajo las leyes de la Rep\u00fablica Dominicana, dedicada al desarrollo y apoyo de programas y proyectos de fomento, promoci\u00f3n e inversi\u00f3n en beneficio del comercio, la industria y el turismo entre Suiza y la Rep\u00fablica Dominicana. Su labor incluye el fortalecimiento del emprendimiento, la cooperaci\u00f3n bilateral y la promoci\u00f3n de acciones formativas orientadas a la innovaci\u00f3n y la excelencia.<\/p>\n\n\n\n<div style=\"height:24px\" aria-hidden=\"true\" class=\"wp-block-spacer\"><\/div>\n\n\n\n<p class=\"has-accent-4-color has-text-color has-link-color has-large-font-size wp-elements-a73e2891f5cae1ff03430e0e4990d6eb\" style=\"font-style:normal;font-weight:800\">Mi rol<\/p>\n\n\n\n<p>Me integr\u00e9 al equipo como\u00a0<strong>Marketing &amp; Communications Intern<\/strong>, colaborando de manera transversal con la direcci\u00f3n en iniciativas de comunicaci\u00f3n institucional y marketing. Mi rol abarc\u00f3 la gesti\u00f3n y optimizaci\u00f3n de contenidos digitales, email marketing, redes sociales, sitio web en WordPress, apoyo a eventos institucionales, copywriting y coordinaci\u00f3n de calendarios de contenido, siempre alineando la comunicaci\u00f3n con los objetivos estrat\u00e9gicos de la instituci\u00f3n.<\/p>\n<\/div>\n\n\n\n<div class=\"wp-block-column is-vertically-aligned-center is-layout-flow wp-container-core-column-is-layout-119bc444 wp-block-column-is-layout-flow\">\n<figure class=\"wp-block-image alignright size-large\"><img loading=\"lazy\" decoding=\"async\" width=\"1024\" height=\"683\" src=\"https:\/\/mktgbycatherine.com\/wp-content\/uploads\/2026\/01\/RF_4006-1024x683.jpg\" alt=\"\" class=\"wp-image-462\" srcset=\"https:\/\/mktgbycatherine.com\/wp-content\/uploads\/2026\/01\/RF_4006-1024x683.jpg 1024w, https:\/\/mktgbycatherine.com\/wp-content\/uploads\/2026\/01\/RF_4006-300x200.jpg 300w, https:\/\/mktgbycatherine.com\/wp-content\/uploads\/2026\/01\/RF_4006-768x512.jpg 768w, https:\/\/mktgbycatherine.com\/wp-content\/uploads\/2026\/01\/RF_4006-1536x1024.jpg 1536w, https:\/\/mktgbycatherine.com\/wp-content\/uploads\/2026\/01\/RF_4006-2048x1365.jpg 2048w, https:\/\/mktgbycatherine.com\/wp-content\/uploads\/2026\/01\/RF_4006-18x12.jpg 18w\" sizes=\"auto, (max-width: 1024px) 100vw, 1024px\" \/><figcaption class=\"wp-element-caption\">Evento \u00abDia de Suiza\u00bb 2024<\/figcaption><\/figure>\n<\/div>\n<\/div>\n<\/div>\n\n\n\n<hr class=\"wp-block-separator has-alpha-channel-opacity is-style-wide is-style-wide--1\"\/>\n\n\n\n<div class=\"wp-block-group alignwide has-base-background-color has-background has-global-padding is-layout-constrained wp-block-group-is-layout-constrained\" style=\"margin-top:0;margin-bottom:0;padding-top:var(--wp--preset--spacing--50);padding-bottom:var(--wp--preset--spacing--50)\">\n<div class=\"wp-block-group alignwide is-layout-grid wp-container-core-group-is-layout-840b37f5 wp-block-group-is-layout-grid\">\n<div class=\"wp-block-group has-x-large-font-size wp-container-content-fae4d868 is-vertical is-layout-flex wp-container-core-group-is-layout-d6b9ab57 wp-block-group-is-layout-flex\">\n<h3 class=\"wp-block-heading has-accent-4-color has-text-color has-link-color has-large-font-size wp-elements-677bc37db99a49e2636e8c1a2fbc99f8\" style=\"font-style:normal;font-weight:700\">Entendimiento del problema<\/h3>\n\n\n\n<p class=\"has-medium-font-size\">Al analizar la comunicaci\u00f3n digital de la C\u00e1mara, identifiqu\u00e9 que gran parte del contenido se centraba en noticias econ\u00f3micas generales, presentadas de forma principalmente informativa e impl\u00edcita. Si bien el contenido era relevante, no siempre resultaba&nbsp;<strong>claro, directo ni f\u00e1cilmente accionable<\/strong>&nbsp;para los stakeholders, cuyo principal inter\u00e9s es identificar oportunidades concretas de inversi\u00f3n, negocios y desarrollo econ\u00f3mico entre ambos pa\u00edses.<\/p>\n\n\n\n<p class=\"has-medium-font-size\">Asimismo, el formato de los contenidos era mayoritariamente est\u00e1tico, lo que dificultaba captar la atenci\u00f3n en un entorno digital cada vez m\u00e1s saturado. Considerando adem\u00e1s las diferencias culturales entre el p\u00fablico suizo y dominicano \u2014en particular la preferencia del p\u00fablico suizo por mensajes directos, claros y eficientes en el uso del tiempo\u2014, era necesario replantear tanto el enfoque del mensaje como su formato.<\/p>\n\n\n\n<div style=\"height:33px\" aria-hidden=\"true\" class=\"wp-block-spacer wp-container-content-67de619e\"><\/div>\n\n\n\n<h3 class=\"wp-block-heading has-accent-4-color has-text-color has-link-color has-large-font-size wp-elements-4cde1f44c2f0b01758a8ddc157c5da3a\" style=\"font-style:normal;font-weight:700\">Enfoque estrat\u00e9gico<\/h3>\n\n\n\n<p class=\"has-medium-font-size\">Mi aproximaci\u00f3n se bas\u00f3 en transformar la comunicaci\u00f3n de un enfoque impl\u00edcito a uno&nbsp;<strong>expl\u00edcito y orientado al valor<\/strong>, respondiendo directamente a la pregunta:&nbsp;<em>\u00bfc\u00f3mo beneficia esta informaci\u00f3n al stakeholder?<\/em><\/p>\n\n\n\n<p class=\"has-medium-font-size\">Para ello:<\/p>\n\n\n\n<ul class=\"wp-block-list\">\n<li class=\"has-medium-font-size\">Reorient\u00e9 los contenidos hacia temas m\u00e1s directamente relacionados con\u00a0<strong>oportunidades de inversi\u00f3n y aspectos pr\u00e1cticos del entorno econ\u00f3mico<\/strong>.<\/li>\n\n\n\n<li class=\"has-medium-font-size\">Ajust\u00e9 el tono y el copywriting para comunicar beneficios de forma clara, directa y alineada con las expectativas culturales del p\u00fablico suizo.<\/li>\n\n\n\n<li class=\"has-medium-font-size\">Introduje formatos m\u00e1s din\u00e1micos, como\u00a0<strong>reels y contenido visual<\/strong>, para presentar noticias de forma m\u00e1s atractiva y facilitar el acceso al contenido completo.<\/li>\n\n\n\n<li class=\"has-medium-font-size\">Optimic\u00e9 los asuntos y llamados a la acci\u00f3n (CTAs) en email marketing, priorizando claridad, relevancia y utilidad inmediata.<\/li>\n\n\n\n<li class=\"has-medium-font-size\">Implement\u00e9 un\u00a0<strong>calendario de contenidos estructurado<\/strong>, planificando y organizando la comunicaci\u00f3n con antelaci\u00f3n para garantizar coherencia, consistencia y eficiencia operativa.<\/li>\n<\/ul>\n\n\n\n<p><\/p>\n<\/div>\n<\/div>\n<\/div>\n\n\n\n<h2 class=\"wp-block-heading has-text-align-center has-x-large-font-size\" style=\"font-style:normal;font-weight:800\">Ejemplos de Trabajo<\/h2>\n\n\n\n<hr class=\"wp-block-separator has-alpha-channel-opacity is-style-wide is-style-wide--2\"\/>\n\n\n\n<div class=\"wp-block-group has-global-padding is-layout-constrained wp-block-group-is-layout-constrained\" style=\"margin-top:0;margin-bottom:0;padding-top:var(--wp--preset--spacing--50);padding-bottom:var(--wp--preset--spacing--50)\">\n<figure class=\"wp-block-image alignwide size-large\"><img loading=\"lazy\" decoding=\"async\" width=\"1024\" height=\"585\" src=\"https:\/\/mktgbycatherine.com\/wp-content\/uploads\/2026\/01\/Screenshot-2026-01-15-at-23.44.39-1-1024x585.png\" alt=\"\" class=\"wp-image-459\" srcset=\"https:\/\/mktgbycatherine.com\/wp-content\/uploads\/2026\/01\/Screenshot-2026-01-15-at-23.44.39-1-1024x585.png 1024w, https:\/\/mktgbycatherine.com\/wp-content\/uploads\/2026\/01\/Screenshot-2026-01-15-at-23.44.39-1-300x172.png 300w, https:\/\/mktgbycatherine.com\/wp-content\/uploads\/2026\/01\/Screenshot-2026-01-15-at-23.44.39-1-768x439.png 768w, https:\/\/mktgbycatherine.com\/wp-content\/uploads\/2026\/01\/Screenshot-2026-01-15-at-23.44.39-1-1536x878.png 1536w, https:\/\/mktgbycatherine.com\/wp-content\/uploads\/2026\/01\/Screenshot-2026-01-15-at-23.44.39-1-18x10.png 18w, https:\/\/mktgbycatherine.com\/wp-content\/uploads\/2026\/01\/Screenshot-2026-01-15-at-23.44.39-1.png 1917w\" sizes=\"auto, (max-width: 1024px) 100vw, 1024px\" \/><figcaption class=\"wp-element-caption\">Post de Instagram sobre articulo en pagina web. Puede leer art\u00edculo completo aqu\u00ed: <a href=\"http:\/\/camaradominicosuiza.org\/nestle-sigue-siendo-la-marca-suiza-mas-valiosa\/\">http:\/\/camaradominicosuiza.org\/nestle-sigue-siendo-la-marca-suiza-mas-valiosa\/<\/a><\/figcaption><\/figure>\n<\/div>\n\n\n\n<figure class=\"wp-block-image size-large\"><img loading=\"lazy\" decoding=\"async\" width=\"1024\" height=\"588\" src=\"https:\/\/mktgbycatherine.com\/wp-content\/uploads\/2026\/01\/Screenshot-2026-01-15-at-23.44.12-1024x588.png\" alt=\"\" class=\"wp-image-463\" srcset=\"https:\/\/mktgbycatherine.com\/wp-content\/uploads\/2026\/01\/Screenshot-2026-01-15-at-23.44.12-1024x588.png 1024w, https:\/\/mktgbycatherine.com\/wp-content\/uploads\/2026\/01\/Screenshot-2026-01-15-at-23.44.12-300x172.png 300w, https:\/\/mktgbycatherine.com\/wp-content\/uploads\/2026\/01\/Screenshot-2026-01-15-at-23.44.12-768x441.png 768w, https:\/\/mktgbycatherine.com\/wp-content\/uploads\/2026\/01\/Screenshot-2026-01-15-at-23.44.12-1536x882.png 1536w, https:\/\/mktgbycatherine.com\/wp-content\/uploads\/2026\/01\/Screenshot-2026-01-15-at-23.44.12-18x10.png 18w, https:\/\/mktgbycatherine.com\/wp-content\/uploads\/2026\/01\/Screenshot-2026-01-15-at-23.44.12.png 1906w\" sizes=\"auto, (max-width: 1024px) 100vw, 1024px\" \/><figcaption class=\"wp-element-caption\">Post de Instagram Publicidad de Evento THINK Logistics 2024 <\/figcaption><\/figure>\n\n\n\n<div style=\"height:20px\" aria-hidden=\"true\" class=\"wp-block-spacer\"><\/div>\n\n\n\n<figure class=\"wp-block-video\"><video controls src=\"https:\/\/mktgbycatherine.com\/wp-content\/uploads\/2026\/01\/Screen-Recording-2026-01-15-at-23.46.56.mov\"><\/video><figcaption class=\"wp-element-caption\">Post Reel en instagram sobre articulo en pagina web. <\/figcaption><\/figure>\n\n\n\n<div class=\"wp-block-group alignwide has-base-background-color has-background has-global-padding is-layout-constrained wp-block-group-is-layout-constrained\" style=\"margin-top:0;margin-bottom:0;padding-top:var(--wp--preset--spacing--50);padding-bottom:var(--wp--preset--spacing--50)\">\n<div class=\"wp-block-group alignwide is-layout-grid wp-container-core-group-is-layout-840b37f5 wp-block-group-is-layout-grid\">\n<div class=\"wp-block-group has-x-large-font-size wp-container-content-fae4d868 is-vertical is-layout-flex wp-container-core-group-is-layout-d6b9ab57 wp-block-group-is-layout-flex\">\n<h3 class=\"wp-block-heading has-accent-4-color has-text-color has-link-color has-large-font-size wp-elements-416a3c5b8d2d00be9e480920f08de85e\" style=\"font-style:normal;font-weight:700\">Resultados<\/h3>\n\n\n\n<ul class=\"wp-block-list\">\n<li class=\"has-medium-font-size\">Incremento del 20 % en la tasa de apertura de emails, gracias a la optimizaci\u00f3n del enfoque de contenido y los asuntos.<\/li>\n\n\n\n<li class=\"has-medium-font-size\">Mayor engagement general en los canales digitales mediante el uso de formatos din\u00e1micos y mensajes m\u00e1s claros.<\/li>\n\n\n\n<li class=\"has-medium-font-size\">Implementaci\u00f3n de un calendario de contenidos estrat\u00e9gico, planificado para varios meses, que permiti\u00f3 una comunicaci\u00f3n m\u00e1s organizada, alineada con los objetivos institucionales y sostenible en el tiempo.<br><\/li>\n<\/ul>\n\n\n\n<p><\/p>\n<\/div>\n<\/div>\n<\/div>","protected":false},"excerpt":{"rendered":"<p>Contexto de la organizaci\u00f3n La Camara de Comercio y Turismo Dominico-Suiza es una organizaci\u00f3n no gubernamental incorporada bajo las leyes de la Rep\u00fablica Dominicana, dedicada al desarrollo y apoyo de programas y proyectos de fomento, promoci\u00f3n e inversi\u00f3n en beneficio del comercio, la industria y el turismo entre Suiza y la Rep\u00fablica Dominicana. Su labor [&hellip;]<\/p>","protected":false},"author":1,"featured_media":0,"parent":0,"menu_order":0,"comment_status":"closed","ping_status":"closed","template":"","meta":{"footnotes":""},"class_list":["post-339","page","type-page","status-publish","hentry"],"_hostinger_reach_plugin_has_subscription_block":false,"_hostinger_reach_plugin_is_elementor":false,"_links":{"self":[{"href":"https:\/\/mktgbycatherine.com\/en\/wp-json\/wp\/v2\/pages\/339","targetHints":{"allow":["GET"]}}],"collection":[{"href":"https:\/\/mktgbycatherine.com\/en\/wp-json\/wp\/v2\/pages"}],"about":[{"href":"https:\/\/mktgbycatherine.com\/en\/wp-json\/wp\/v2\/types\/page"}],"author":[{"embeddable":true,"href":"https:\/\/mktgbycatherine.com\/en\/wp-json\/wp\/v2\/users\/1"}],"replies":[{"embeddable":true,"href":"https:\/\/mktgbycatherine.com\/en\/wp-json\/wp\/v2\/comments?post=339"}],"version-history":[{"count":16,"href":"https:\/\/mktgbycatherine.com\/en\/wp-json\/wp\/v2\/pages\/339\/revisions"}],"predecessor-version":[{"id":475,"href":"https:\/\/mktgbycatherine.com\/en\/wp-json\/wp\/v2\/pages\/339\/revisions\/475"}],"wp:attachment":[{"href":"https:\/\/mktgbycatherine.com\/en\/wp-json\/wp\/v2\/media?parent=339"}],"curies":[{"name":"wp","href":"https:\/\/api.w.org\/{rel}","templated":true}]}}